{"id":29316,"date":"2025-10-28T14:32:01","date_gmt":"2025-10-28T14:32:01","guid":{"rendered":"https:\/\/comelf.ro\/?page_id=29316"},"modified":"2025-12-05T09:26:44","modified_gmt":"2025-12-05T09:26:44","slug":"sustenabilitate","status":"publish","type":"page","link":"https:\/\/comelf.ro\/en\/sustenabilitate\/","title":{"rendered":"Sustainability"},"content":{"rendered":"<div data-elementor-type=\"wp-page\" data-elementor-id=\"29316\" class=\"elementor elementor-29316\">\n\t\t\t\t<div class=\"wd-negative-gap elementor-element elementor-element-7db87f4 wd-section-stretch e-flex e-con-boxed e-con e-parent\" data-id=\"7db87f4\" data-element_type=\"container\" data-settings=\"{&quot;background_background&quot;:&quot;classic&quot;,&quot;shape_divider_bottom&quot;:&quot;opacity-tilt&quot;}\">\n\t\t\t\t\t<div class=\"e-con-inner\">\n\t\t\t\t<div class=\"elementor-shape elementor-shape-bottom\" aria-hidden=\"true\" data-negative=\"false\">\n\t\t\t<svg xmlns=\"http:\/\/www.w3.org\/2000\/svg\" viewbox=\"0 0 2600 131.1\" preserveaspectratio=\"none\">\n\t<path class=\"elementor-shape-fill\" d=\"M0 0L2600 0 2600 69.1 0 0z\"\/>\n\t<path class=\"elementor-shape-fill\" style=\"opacity:0.5\" d=\"M0 0L2600 0 2600 69.1 0 69.1z\"\/>\n\t<path class=\"elementor-shape-fill\" style=\"opacity:0.25\" d=\"M2600 0L0 0 0 130.1 2600 69.1z\"\/>\n<\/svg>\t\t<\/div>\n\t\t\t\t<div class=\"elementor-element elementor-element-02f160e wd-width-100 elementor-widget elementor-widget-wd_title\" data-id=\"02f160e\" data-element_type=\"widget\" data-widget_type=\"wd_title.default\">\n\t\t\t\t<div class=\"elementor-widget-container\">\n\t\t\t\t\t\t\t<div class=\"title-wrapper wd-set-mb reset-last-child wd-title-color-default wd-title-style-default wd-title-size-default text-left\">\n\n\t\t\t\n\t\t\t<div class=\"liner-continer\">\n\t\t\t\t<h1 class=\"woodmart-title-container title wd-fontsize-l\">Sustainability<\/h1> \n\t\t\t\t\t\t\t<\/div>\n\n\t\t\t\t\t<\/div>\n\t\t\t\t\t\t<\/div>\n\t\t\t\t<\/div>\n\t\t\t\t\t<\/div>\n\t\t\t\t<\/div>\n\t\t<div class=\"wd-negative-gap elementor-element elementor-element-7eeeebb wd-section-stretch e-flex e-con-boxed e-con e-parent\" data-id=\"7eeeebb\" data-element_type=\"container\">\n\t\t\t\t\t<div class=\"e-con-inner\">\n\t\t\t\t<div class=\"elementor-element elementor-element-92fce38 wd-width-100 elementor-widget elementor-widget-wd_title\" data-id=\"92fce38\" data-element_type=\"widget\" data-widget_type=\"wd_title.default\">\n\t\t\t\t<div class=\"elementor-widget-container\">\n\t\t\t\t\t\t\t<div class=\"title-wrapper wd-set-mb reset-last-child wd-title-color-primary wd-title-style-default wd-title-size-default text-left\">\n\n\t\t\t\n\t\t\t<div class=\"liner-continer\">\n\t\t\t\t<h2 class=\"woodmart-title-container title wd-fontsize-l\">Commitment to a Sustainable Economy<\/h2> \n\t\t\t\t\t\t\t<\/div>\n\n\t\t\t\t\t<\/div>\n\t\t\t\t\t\t<\/div>\n\t\t\t\t<\/div>\n\t\t<div class=\"elementor-element elementor-element-0d89e9f e-con-full e-flex e-con e-child\" data-id=\"0d89e9f\" data-element_type=\"container\">\n\t\t<div class=\"elementor-element elementor-element-7ba4a7c e-con-full e-flex e-con e-child\" data-id=\"7ba4a7c\" data-element_type=\"container\">\n\t\t\t\t<div class=\"elementor-element elementor-element-cbb2cbd elementor-widget__width-initial wd-animation-slide-from-left wd-animation-normal wd_delay_100 wd-animation wd-transform elementor-widget elementor-widget-wd_text_block\" data-id=\"cbb2cbd\" data-element_type=\"widget\" data-settings=\"{&quot;_animation&quot;:&quot;none&quot;}\" data-widget_type=\"wd_text_block.default\">\n\t\t\t\t<div class=\"elementor-widget-container\">\n\t\t\t\t\t\t\t<div class=\"wd-text-block reset-last-child text-left\">\n\t\t\t\n\t\t\t<ul><li><b>Energy Monitoring:<\/b> Implemented to optimize consumption.<\/li><li><b>Solar Power: <\/b>Comelf has an installed capacity of 3 MWp through photovoltaic panels, resulting in an estimated total reduction of 1,648.4 tons of CO\u2082 per year. The electricity generated from renewable sources amounts to 3,630 MWh\/year, covering approximately 60% of the company\u2019s annual electricity needs.<\/li><li><b>Heating:<\/b> Pellet-based heating systems use a renewable resource, reducing natural gas consumption.<\/li><\/ul>\n\t\t\t\t\t<\/div>\n\t\t\t\t\t\t<\/div>\n\t\t\t\t<\/div>\n\t\t\t\t<\/div>\n\t\t<div class=\"elementor-element elementor-element-931159f e-con-full e-flex e-con e-child\" data-id=\"931159f\" data-element_type=\"container\">\n\t\t\t\t<div class=\"elementor-element elementor-element-0f01dee wd-parallax-on-scroll wd_scroll_x_0 wd_scroll_y_80 wd-animation-slide-from-right wd_delay_300 wd_scroll_smoothness_30 wd-animation-normal wd-animation wd-transform elementor-widget elementor-widget-wd_image_or_svg\" data-id=\"0f01dee\" data-element_type=\"widget\" data-widget_type=\"wd_image_or_svg.default\">\n\t\t\t\t<div class=\"elementor-widget-container\">\n\t\t\t\t\t\n\t\t<div class=\"wd-image text-left\">\n\t\t\t\t\t\t\t\t<img loading=\"lazy\" decoding=\"async\" width=\"1542\" height=\"709\" src=\"https:\/\/comelf.ro\/wp-content\/uploads\/2025\/10\/Imagine-panouri.jpg\" class=\"attachment-full size-full\" alt=\"\" srcset=\"https:\/\/comelf.ro\/wp-content\/uploads\/2025\/10\/Imagine-panouri.jpg 1542w, https:\/\/comelf.ro\/wp-content\/uploads\/2025\/10\/Imagine-panouri-430x198.jpg 430w, https:\/\/comelf.ro\/wp-content\/uploads\/2025\/10\/Imagine-panouri-150x69.jpg 150w, https:\/\/comelf.ro\/wp-content\/uploads\/2025\/10\/Imagine-panouri-700x322.jpg 700w, https:\/\/comelf.ro\/wp-content\/uploads\/2025\/10\/Imagine-panouri-400x184.jpg 400w, https:\/\/comelf.ro\/wp-content\/uploads\/2025\/10\/Imagine-panouri-1300x598.jpg 1300w, https:\/\/comelf.ro\/wp-content\/uploads\/2025\/10\/Imagine-panouri-768x353.jpg 768w, https:\/\/comelf.ro\/wp-content\/uploads\/2025\/10\/Imagine-panouri-1536x706.jpg 1536w, https:\/\/comelf.ro\/wp-content\/uploads\/2025\/10\/Imagine-panouri-18x8.jpg 18w\" sizes=\"auto, (max-width: 1542px) 100vw, 1542px\" \/>\t\t\t\t\t<\/div>\n\n\t\t\t\t\t\t<\/div>\n\t\t\t\t<\/div>\n\t\t\t\t<\/div>\n\t\t\t\t<\/div>\n\t\t\t\t\t<\/div>\n\t\t\t\t<\/div>\n\t\t<div class=\"wd-negative-gap elementor-element elementor-element-7899056 wd-section-stretch e-flex e-con-boxed e-con e-parent\" data-id=\"7899056\" data-element_type=\"container\" data-settings=\"{&quot;background_background&quot;:&quot;classic&quot;,&quot;shape_divider_top&quot;:&quot;opacity-tilt&quot;,&quot;shape_divider_bottom&quot;:&quot;opacity-tilt&quot;}\">\n\t\t\t\t\t<div class=\"e-con-inner\">\n\t\t\t\t<div class=\"elementor-shape elementor-shape-top\" aria-hidden=\"true\" data-negative=\"false\">\n\t\t\t<svg xmlns=\"http:\/\/www.w3.org\/2000\/svg\" viewbox=\"0 0 2600 131.1\" preserveaspectratio=\"none\">\n\t<path class=\"elementor-shape-fill\" d=\"M0 0L2600 0 2600 69.1 0 0z\"\/>\n\t<path class=\"elementor-shape-fill\" style=\"opacity:0.5\" d=\"M0 0L2600 0 2600 69.1 0 69.1z\"\/>\n\t<path class=\"elementor-shape-fill\" style=\"opacity:0.25\" d=\"M2600 0L0 0 0 130.1 2600 69.1z\"\/>\n<\/svg>\t\t<\/div>\n\t\t\t\t<div class=\"elementor-shape elementor-shape-bottom\" aria-hidden=\"true\" data-negative=\"false\">\n\t\t\t<svg xmlns=\"http:\/\/www.w3.org\/2000\/svg\" viewbox=\"0 0 2600 131.1\" preserveaspectratio=\"none\">\n\t<path class=\"elementor-shape-fill\" d=\"M0 0L2600 0 2600 69.1 0 0z\"\/>\n\t<path class=\"elementor-shape-fill\" style=\"opacity:0.5\" d=\"M0 0L2600 0 2600 69.1 0 69.1z\"\/>\n\t<path class=\"elementor-shape-fill\" style=\"opacity:0.25\" d=\"M2600 0L0 0 0 130.1 2600 69.1z\"\/>\n<\/svg>\t\t<\/div>\n\t\t\t\t<div class=\"elementor-element elementor-element-2e6eb02 wd-width-100 elementor-widget elementor-widget-wd_images_gallery\" data-id=\"2e6eb02\" data-element_type=\"widget\" data-widget_type=\"wd_images_gallery.default\">\n\t\t\t\t<div class=\"elementor-widget-container\">\n\t\t\t\t\t\t\t<div class=\"wd-images-gallery photoswipe-images wd-carousel-container\" style=\"--wd-align-items:center; --wd-justify-content:center;\">\n\t\t\t\t\t\t\t<div class=\"wd-carousel-inner\">\n\t\t\t\t\t\t<div class=\"wd-carousel wd-grid\" style=\"--wd-col-lg:4;--wd-col-md:4;--wd-col-sm:1;--wd-gap-lg:30px;--wd-gap-sm:10px;\">\n\t\t\t\t\t\t\t\t\t<div class=\"wd-carousel-wrap\">\n\t\t\t\t\t\t\t\t\t\t\t\t\t\t\t\t\t\t<div class=\"wd-gallery-item wd-carousel-item\">\n\t\t\t\t\t\t\t\t\t\t\t\t\t<a  href=\"https:\/\/comelf.ro\/wp-content\/uploads\/2025\/11\/PANOURI-FOTOVOLTAICE-1.jpg\" data-width=\"2560\" data-height=\"1440\" data-index=\"1\" data-elementor-open-lightbox=\"no\">\n\t\t\t\t\t\t\n\t\t\t\t\t\t<img loading=\"lazy\" decoding=\"async\" width=\"1300\" height=\"731\" src=\"https:\/\/comelf.ro\/wp-content\/uploads\/2025\/11\/PANOURI-FOTOVOLTAICE-1-1300x731.jpg\" class=\"attachment-large size-large\" alt=\"PANOURI FOTOVOLTAICE 1\" srcset=\"https:\/\/comelf.ro\/wp-content\/uploads\/2025\/11\/PANOURI-FOTOVOLTAICE-1-1300x731.jpg 1300w, https:\/\/comelf.ro\/wp-content\/uploads\/2025\/11\/PANOURI-FOTOVOLTAICE-1-400x225.jpg 400w, https:\/\/comelf.ro\/wp-content\/uploads\/2025\/11\/PANOURI-FOTOVOLTAICE-1-768x432.jpg 768w, https:\/\/comelf.ro\/wp-content\/uploads\/2025\/11\/PANOURI-FOTOVOLTAICE-1-1536x864.jpg 1536w, https:\/\/comelf.ro\/wp-content\/uploads\/2025\/11\/PANOURI-FOTOVOLTAICE-1-2048x1152.jpg 2048w, https:\/\/comelf.ro\/wp-content\/uploads\/2025\/11\/PANOURI-FOTOVOLTAICE-1-18x10.jpg 18w, https:\/\/comelf.ro\/wp-content\/uploads\/2025\/11\/PANOURI-FOTOVOLTAICE-1-430x242.jpg 430w, https:\/\/comelf.ro\/wp-content\/uploads\/2025\/11\/PANOURI-FOTOVOLTAICE-1-700x394.jpg 700w, https:\/\/comelf.ro\/wp-content\/uploads\/2025\/11\/PANOURI-FOTOVOLTAICE-1-150x84.jpg 150w, https:\/\/comelf.ro\/wp-content\/uploads\/2025\/11\/PANOURI-FOTOVOLTAICE-1-444x250.jpg 444w\" sizes=\"auto, (max-width: 1300px) 100vw, 1300px\" \/>\n\t\t\t\t\t\t\t\t\t\t\t\t\t<\/a>\n\t\t\t\t\t\t\t\t\t\t\t<\/div>\n\t\t\t\t\t\t\t\t\t\t\t\t\t\t\t<div class=\"wd-gallery-item wd-carousel-item\">\n\t\t\t\t\t\t\t\t\t\t\t\t\t<a  href=\"https:\/\/comelf.ro\/wp-content\/uploads\/2025\/11\/PANOURI-FOTOVOLTAICE-2.jpg\" data-width=\"2236\" data-height=\"1440\" data-index=\"2\" data-elementor-open-lightbox=\"no\">\n\t\t\t\t\t\t\n\t\t\t\t\t\t<img loading=\"lazy\" decoding=\"async\" width=\"1242\" height=\"800\" src=\"https:\/\/comelf.ro\/wp-content\/uploads\/2025\/11\/PANOURI-FOTOVOLTAICE-2-1242x800.jpg\" class=\"attachment-large size-large\" alt=\"PANOURI FOTOVOLTAICE 2\" srcset=\"https:\/\/comelf.ro\/wp-content\/uploads\/2025\/11\/PANOURI-FOTOVOLTAICE-2-1242x800.jpg 1242w, https:\/\/comelf.ro\/wp-content\/uploads\/2025\/11\/PANOURI-FOTOVOLTAICE-2-400x258.jpg 400w, https:\/\/comelf.ro\/wp-content\/uploads\/2025\/11\/PANOURI-FOTOVOLTAICE-2-768x495.jpg 768w, https:\/\/comelf.ro\/wp-content\/uploads\/2025\/11\/PANOURI-FOTOVOLTAICE-2-1536x989.jpg 1536w, https:\/\/comelf.ro\/wp-content\/uploads\/2025\/11\/PANOURI-FOTOVOLTAICE-2-2048x1319.jpg 2048w, https:\/\/comelf.ro\/wp-content\/uploads\/2025\/11\/PANOURI-FOTOVOLTAICE-2-18x12.jpg 18w, https:\/\/comelf.ro\/wp-content\/uploads\/2025\/11\/PANOURI-FOTOVOLTAICE-2-430x277.jpg 430w, https:\/\/comelf.ro\/wp-content\/uploads\/2025\/11\/PANOURI-FOTOVOLTAICE-2-700x451.jpg 700w, https:\/\/comelf.ro\/wp-content\/uploads\/2025\/11\/PANOURI-FOTOVOLTAICE-2-150x97.jpg 150w, https:\/\/comelf.ro\/wp-content\/uploads\/2025\/11\/PANOURI-FOTOVOLTAICE-2-388x250.jpg 388w\" sizes=\"auto, (max-width: 1242px) 100vw, 1242px\" \/>\n\t\t\t\t\t\t\t\t\t\t\t\t\t<\/a>\n\t\t\t\t\t\t\t\t\t\t\t<\/div>\n\t\t\t\t\t\t\t\t\t\t\t\t\t\t\t\t<\/div>\n\t\t\t\t\t\t\t\t<\/div>\n\t\t\t\t\t\t\t\t\t\t\t\t\t\t<div class=\"wd-nav-arrows wd-pos-sep wd-hover-1 wd-icon-1\">\n\t\t\t<div class=\"wd-btn-arrow wd-prev wd-disabled\">\n\t\t\t\t<div class=\"wd-arrow-inner\"><\/div>\n\t\t\t<\/div>\n\t\t\t<div class=\"wd-btn-arrow wd-next\">\n\t\t\t\t<div class=\"wd-arrow-inner\"><\/div>\n\t\t\t<\/div>\n\t\t<\/div>\n\t\t\t\t\t\t\n\t\t\t\t<\/div>\n\n\t\t\t\t\t\t<div class=\"wd-nav-pagin-wrap text-center wd-style-shape wd-hide-md-sm wd-hide-sm\">\n\t\t\t<ul class=\"wd-nav-pagin\"><\/ul>\n\t\t<\/div>\n\t\t\t\t\t\t\t\t\t\t\t<\/div>\n\t\t\t\t\t\t<\/div>\n\t\t\t\t<\/div>\n\t\t\t\t\t<\/div>\n\t\t\t\t<\/div>\n\t\t\t\t<\/div>","protected":false},"excerpt":{"rendered":"<p>Sustenabilitate Preocup\u0103ri pentru o economie sustenabil\u0103 Monitorizare energetica \u00een scopul optimiz\u0103rii consumului Comelf are o capacitate instalat\u0103 de 3 MWp<\/p>","protected":false},"author":1,"featured_media":0,"parent":0,"menu_order":0,"comment_status":"closed","ping_status":"closed","template":"","meta":{"footnotes":""},"class_list":["post-29316","page","type-page","status-publish","hentry"],"_links":{"self":[{"href":"https:\/\/comelf.ro\/en\/wp-json\/wp\/v2\/pages\/29316","targetHints":{"allow":["GET"]}}],"collection":[{"href":"https:\/\/comelf.ro\/en\/wp-json\/wp\/v2\/pages"}],"about":[{"href":"https:\/\/comelf.ro\/en\/wp-json\/wp\/v2\/types\/page"}],"author":[{"embeddable":true,"href":"https:\/\/comelf.ro\/en\/wp-json\/wp\/v2\/users\/1"}],"replies":[{"embeddable":true,"href":"https:\/\/comelf.ro\/en\/wp-json\/wp\/v2\/comments?post=29316"}],"version-history":[{"count":22,"href":"https:\/\/comelf.ro\/en\/wp-json\/wp\/v2\/pages\/29316\/revisions"}],"predecessor-version":[{"id":30321,"href":"https:\/\/comelf.ro\/en\/wp-json\/wp\/v2\/pages\/29316\/revisions\/30321"}],"wp:attachment":[{"href":"https:\/\/comelf.ro\/en\/wp-json\/wp\/v2\/media?parent=29316"}],"curies":[{"name":"wp","href":"https:\/\/api.w.org\/{rel}","templated":true}]}}