{"id":29246,"date":"2025-10-28T10:38:43","date_gmt":"2025-10-28T10:38:43","guid":{"rendered":"https:\/\/comelf.ro\/?page_id=29246"},"modified":"2025-11-26T09:40:02","modified_gmt":"2025-11-26T09:40:02","slug":"fuet-factory","status":"publish","type":"page","link":"https:\/\/comelf.ro\/en\/fuet-factory\/","title":{"rendered":"FUET Factory"},"content":{"rendered":"<div data-elementor-type=\"wp-page\" data-elementor-id=\"29246\" class=\"elementor elementor-29246\">\n\t\t\t\t<div class=\"wd-negative-gap elementor-element elementor-element-7db87f4 wd-section-stretch e-flex e-con-boxed e-con e-parent\" data-id=\"7db87f4\" data-element_type=\"container\" data-settings=\"{&quot;background_background&quot;:&quot;classic&quot;,&quot;shape_divider_bottom&quot;:&quot;opacity-tilt&quot;}\">\n\t\t\t\t\t<div class=\"e-con-inner\">\n\t\t\t\t<div class=\"elementor-shape elementor-shape-bottom\" aria-hidden=\"true\" data-negative=\"false\">\n\t\t\t<svg xmlns=\"http:\/\/www.w3.org\/2000\/svg\" viewbox=\"0 0 2600 131.1\" preserveaspectratio=\"none\">\n\t<path class=\"elementor-shape-fill\" d=\"M0 0L2600 0 2600 69.1 0 0z\"\/>\n\t<path class=\"elementor-shape-fill\" style=\"opacity:0.5\" d=\"M0 0L2600 0 2600 69.1 0 69.1z\"\/>\n\t<path class=\"elementor-shape-fill\" style=\"opacity:0.25\" d=\"M2600 0L0 0 0 130.1 2600 69.1z\"\/>\n<\/svg>\t\t<\/div>\n\t\t\t\t<div class=\"elementor-element elementor-element-02f160e wd-width-100 elementor-widget elementor-widget-wd_title\" data-id=\"02f160e\" data-element_type=\"widget\" data-widget_type=\"wd_title.default\">\n\t\t\t\t<div class=\"elementor-widget-container\">\n\t\t\t\t\t\t\t<div class=\"title-wrapper wd-set-mb reset-last-child wd-title-color-default wd-title-style-default wd-title-size-default text-left\">\n\n\t\t\t\n\t\t\t<div class=\"liner-continer\">\n\t\t\t\t<h1 class=\"woodmart-title-container title wd-fontsize-l\">FUET<\/h1> \n\t\t\t\t\t\t\t<\/div>\n\n\t\t\t\t\t\t\t<div class=\"title-after_title reset-last-child wd-fontsize-xs\">\n\t\t\t\t\t<p>The Earthmoving Machinery &amp; Equipment Factory<\/p>\t\t\t\t<\/div>\n\t\t\t\t\t<\/div>\n\t\t\t\t\t\t<\/div>\n\t\t\t\t<\/div>\n\t\t\t\t\t<\/div>\n\t\t\t\t<\/div>\n\t\t<div class=\"wd-negative-gap elementor-element elementor-element-7eeeebb wd-section-stretch e-flex e-con-boxed e-con e-parent\" data-id=\"7eeeebb\" data-element_type=\"container\" data-settings=\"{&quot;shape_divider_bottom&quot;:&quot;opacity-tilt&quot;}\">\n\t\t\t\t\t<div class=\"e-con-inner\">\n\t\t\t\t<div class=\"elementor-shape elementor-shape-bottom\" aria-hidden=\"true\" data-negative=\"false\">\n\t\t\t<svg xmlns=\"http:\/\/www.w3.org\/2000\/svg\" viewbox=\"0 0 2600 131.1\" preserveaspectratio=\"none\">\n\t<path class=\"elementor-shape-fill\" d=\"M0 0L2600 0 2600 69.1 0 0z\"\/>\n\t<path class=\"elementor-shape-fill\" style=\"opacity:0.5\" d=\"M0 0L2600 0 2600 69.1 0 69.1z\"\/>\n\t<path class=\"elementor-shape-fill\" style=\"opacity:0.25\" d=\"M2600 0L0 0 0 130.1 2600 69.1z\"\/>\n<\/svg>\t\t<\/div>\n\t\t\t\t<div class=\"elementor-element elementor-element-92fce38 wd-width-100 elementor-widget elementor-widget-wd_title\" data-id=\"92fce38\" data-element_type=\"widget\" data-widget_type=\"wd_title.default\">\n\t\t\t\t<div class=\"elementor-widget-container\">\n\t\t\t\t\t\t\t<div class=\"title-wrapper wd-set-mb reset-last-child wd-title-color-primary wd-title-style-default wd-title-size-default text-left\">\n\n\t\t\t\n\t\t\t<div class=\"liner-continer\">\n\t\t\t\t<h2 class=\"woodmart-title-container title wd-fontsize-l\">About the factory<\/h2> \n\t\t\t\t\t\t\t<\/div>\n\n\t\t\t\t\t<\/div>\n\t\t\t\t\t\t<\/div>\n\t\t\t\t<\/div>\n\t\t<div class=\"elementor-element elementor-element-0d89e9f e-con-full e-flex e-con e-child\" data-id=\"0d89e9f\" data-element_type=\"container\">\n\t\t<div class=\"elementor-element elementor-element-7ba4a7c e-con-full e-flex e-con e-child\" data-id=\"7ba4a7c\" data-element_type=\"container\">\n\t\t\t\t<div class=\"elementor-element elementor-element-cbb2cbd wd_scroll_y_-40 elementor-widget__width-initial wd-animation-slide-from-left wd-parallax-on-scroll wd_scroll_x_30 wd_scroll_smoothness_30 wd-animation-normal wd_delay_100 wd-animation wd-transform elementor-widget elementor-widget-wd_text_block\" data-id=\"cbb2cbd\" data-element_type=\"widget\" data-settings=\"{&quot;_animation&quot;:&quot;none&quot;}\" data-widget_type=\"wd_text_block.default\">\n\t\t\t\t<div class=\"elementor-widget-container\">\n\t\t\t\t\t\t\t<div class=\"wd-text-block reset-last-child text-left\">\n\t\t\t\n\t\t\t<p>FUET is dedicated to manufacturing equipment for the mining and construction industries, such as excavator booms, structures for earthmoving machinery, housings for engines and generators, as well as components for the naval sector and for heavy-duty industrial equipment.<\/p>\n\t\t\t\t\t<\/div>\n\t\t\t\t\t\t<\/div>\n\t\t\t\t<\/div>\n\t\t\t\t<\/div>\n\t\t<div class=\"elementor-element elementor-element-931159f e-con-full e-flex e-con e-child\" data-id=\"931159f\" data-element_type=\"container\">\n\t\t\t\t<div class=\"elementor-element elementor-element-0f01dee wd-parallax-on-scroll wd_scroll_x_-20 wd_scroll_y_-80 wd-animation-slide-from-right wd_delay_300 wd_scroll_smoothness_30 wd-animation-normal wd-animation wd-transform elementor-widget elementor-widget-wd_image_or_svg\" data-id=\"0f01dee\" data-element_type=\"widget\" data-widget_type=\"wd_image_or_svg.default\">\n\t\t\t\t<div class=\"elementor-widget-container\">\n\t\t\t\t\t\n\t\t<div class=\"wd-image text-left\">\n\t\t\t\t\t\t\t\t<img loading=\"lazy\" decoding=\"async\" width=\"2560\" height=\"1703\" src=\"https:\/\/comelf.ro\/wp-content\/uploads\/2025\/10\/fabrica-fuet-scaled.jpg\" class=\"attachment-full size-full\" alt=\"\" srcset=\"https:\/\/comelf.ro\/wp-content\/uploads\/2025\/10\/fabrica-fuet-scaled.jpg 2560w, https:\/\/comelf.ro\/wp-content\/uploads\/2025\/10\/fabrica-fuet-scaled-430x286.jpg 430w, https:\/\/comelf.ro\/wp-content\/uploads\/2025\/10\/fabrica-fuet-scaled-150x100.jpg 150w, https:\/\/comelf.ro\/wp-content\/uploads\/2025\/10\/fabrica-fuet-scaled-700x466.jpg 700w, https:\/\/comelf.ro\/wp-content\/uploads\/2025\/10\/fabrica-fuet-400x266.jpg 400w, https:\/\/comelf.ro\/wp-content\/uploads\/2025\/10\/fabrica-fuet-1202x800.jpg 1202w, https:\/\/comelf.ro\/wp-content\/uploads\/2025\/10\/fabrica-fuet-768x511.jpg 768w, https:\/\/comelf.ro\/wp-content\/uploads\/2025\/10\/fabrica-fuet-1536x1022.jpg 1536w, https:\/\/comelf.ro\/wp-content\/uploads\/2025\/10\/fabrica-fuet-2048x1363.jpg 2048w, https:\/\/comelf.ro\/wp-content\/uploads\/2025\/10\/fabrica-fuet-18x12.jpg 18w\" sizes=\"auto, (max-width: 2560px) 100vw, 2560px\" \/>\t\t\t\t\t<\/div>\n\n\t\t\t\t\t\t<\/div>\n\t\t\t\t<\/div>\n\t\t\t\t<\/div>\n\t\t\t\t<\/div>\n\t\t\t\t\t<\/div>\n\t\t\t\t<\/div>\n\t\t\t\t<\/div>","protected":false},"excerpt":{"rendered":"<p>FUET Fabrica de Utilaje \u0219i Echipamente Terasiere Despre fabric\u0103 FUET este dedicat\u0103 fabric\u0103rii de echipamente pentru industria minier\u0103 \u0219i construc\u021bii,<\/p>","protected":false},"author":1,"featured_media":0,"parent":0,"menu_order":0,"comment_status":"closed","ping_status":"closed","template":"","meta":{"footnotes":""},"class_list":["post-29246","page","type-page","status-publish","hentry"],"_links":{"self":[{"href":"https:\/\/comelf.ro\/en\/wp-json\/wp\/v2\/pages\/29246","targetHints":{"allow":["GET"]}}],"collection":[{"href":"https:\/\/comelf.ro\/en\/wp-json\/wp\/v2\/pages"}],"about":[{"href":"https:\/\/comelf.ro\/en\/wp-json\/wp\/v2\/types\/page"}],"author":[{"embeddable":true,"href":"https:\/\/comelf.ro\/en\/wp-json\/wp\/v2\/users\/1"}],"replies":[{"embeddable":true,"href":"https:\/\/comelf.ro\/en\/wp-json\/wp\/v2\/comments?post=29246"}],"version-history":[{"count":19,"href":"https:\/\/comelf.ro\/en\/wp-json\/wp\/v2\/pages\/29246\/revisions"}],"predecessor-version":[{"id":30074,"href":"https:\/\/comelf.ro\/en\/wp-json\/wp\/v2\/pages\/29246\/revisions\/30074"}],"wp:attachment":[{"href":"https:\/\/comelf.ro\/en\/wp-json\/wp\/v2\/media?parent=29246"}],"curies":[{"name":"wp","href":"https:\/\/api.w.org\/{rel}","templated":true}]}}